{"id":93,"date":"2025-01-24T21:22:25","date_gmt":"2025-01-24T19:22:25","guid":{"rendered":"https:\/\/radiogalaxxy.fr\/?page_id=93"},"modified":"2025-03-03T07:48:08","modified_gmt":"2025-03-03T05:48:08","slug":"accueil","status":"publish","type":"page","link":"https:\/\/www.radiogalaxxy.fr\/?page_id=93","title":{"rendered":"Accueil"},"content":{"rendered":"\n<details class=\"wp-block-details is-layout-flow wp-block-details-is-layout-flow\"><summary><\/summary>\n<figure class=\"wp-block-table aligncenter\"><table class=\"has-fixed-layout\"><tbody><tr><td><\/td><td><\/td><\/tr><\/tbody><\/table><\/figure>\n<\/details>\n\n\n\n<div class=\"wp-block-group alignfull has-background\" style=\"background-color:#f5eac1;padding-top:6vw;padding-right:6vw;padding-bottom:6vw;padding-left:6vw\"><div class=\"wp-block-group__inner-container is-layout-flow wp-block-group-is-layout-flow\">\n<div class=\"wp-block-group is-vertical is-nowrap is-layout-flex wp-container-core-group-is-layout-287ef9cb wp-block-group-is-layout-flex\" style=\"padding-right:0;padding-left:0\">\n<h6 class=\"wp-block-heading has-text-color\" id=\"ecosystem\" style=\"color:#000000;font-size:16px\"><strong>2023<\/strong><\/h6>\n\n\n\n<p class=\"has-text-color\" style=\"color:#000000;font-size:6vw;font-style:normal;font-weight:700;letter-spacing:0px;line-height:0.9;text-decoration:none;text-transform:none\">Web Radio<\/p>\n<\/div>\n\n\n\n<div style=\"height:1vw\" aria-hidden=\"true\" class=\"wp-block-spacer\"><\/div>\n\n\n\n<div class=\"wp-block-group alignwide is-vertical is-nowrap is-layout-flex wp-container-core-group-is-layout-8171334d wp-block-group-is-layout-flex\" style=\"padding-top:0;padding-right:0;padding-bottom:0;padding-left:0\">\n<div class=\"wp-block-columns alignwide is-layout-flex wp-container-core-columns-is-layout-2656d967 wp-block-columns-is-layout-flex\">\n<div class=\"wp-block-column is-layout-flow wp-block-column-is-layout-flow\" style=\"flex-basis:33.38%\">\n<p class=\"has-text-color\" style=\"color:#000000;font-size:17px\"><strong>Anthony De James<\/strong><br>Directeur Antenne<br>Animateur radio, producteur, r\u00e9alisateur, diffuseur.<\/p>\n<\/div>\n\n\n\n<div class=\"wp-block-column is-layout-flow wp-block-column-is-layout-flow\" style=\"flex-basis:33%\">\n<div style=\"height:2vw\" aria-hidden=\"true\" class=\"wp-block-spacer\"><\/div>\n\n\n\n<figure class=\"wp-block-image size-full\"><img loading=\"lazy\" decoding=\"async\" width=\"768\" height=\"922\" src=\"https:\/\/radiogalaxxy.go.yj.fr\/wp-content\/uploads\/2025\/02\/image-768x922-1.jpg\" alt=\"\" class=\"wp-image-117\" srcset=\"https:\/\/www.radiogalaxxy.fr\/wp-content\/uploads\/2025\/02\/image-768x922-1.jpg 768w, https:\/\/www.radiogalaxxy.fr\/wp-content\/uploads\/2025\/02\/image-768x922-1-250x300.jpg 250w\" sizes=\"auto, (max-width: 768px) 100vw, 768px\" \/><\/figure>\n<\/div>\n\n\n\n<div class=\"wp-block-column is-layout-flow wp-block-column-is-layout-flow\" style=\"flex-basis:33.62%\">\n<figure class=\"wp-block-image size-full\"><img loading=\"lazy\" decoding=\"async\" width=\"768\" height=\"576\" src=\"https:\/\/radiogalaxxy.go.yj.fr\/wp-content\/uploads\/2025\/02\/image-768x576-1.jpg\" alt=\"\" class=\"wp-image-134\" srcset=\"https:\/\/www.radiogalaxxy.fr\/wp-content\/uploads\/2025\/02\/image-768x576-1.jpg 768w, https:\/\/www.radiogalaxxy.fr\/wp-content\/uploads\/2025\/02\/image-768x576-1-300x225.jpg 300w\" sizes=\"auto, (max-width: 768px) 100vw, 768px\" \/><\/figure>\n\n\n\n<blockquote class=\"wp-block-quote is-layout-flow wp-block-quote-is-layout-flow\">\n<p class=\"has-text-align-right has-text-color\" style=\"color:#000000;font-size:17px\"><strong>Radio Galaxxy Paris<\/strong><br>Cette web radio travaille avec plusieurs partenaires de musiques et de presse.<br>Ses objectifs sont de promouvoir des programmes locaux.<br>Elle diffuse diverses musiques nationales et internationales des ann\u00e9es 80 \u00e0 aujourd\u2019hui.<br>L\u2019\u00e9quipe de radiogalaxy esp\u00e8re que tous les auditeurs et internautes pourront se retrouver \u00e0 travers des programmes musicaux divers et vari\u00e9es.<\/p>\n\n\n\n<p class=\"has-text-color\">.<\/p>\n\n\n\n<p><\/p>\n<\/blockquote>\n<\/div>\n<\/div>\n\n\n\n<div class=\"wp-block-columns alignwide is-layout-flex wp-container-core-columns-is-layout-724a882f wp-block-columns-is-layout-flex\">\n<div class=\"wp-block-column is-layout-flow wp-block-column-is-layout-flow\" style=\"flex-basis:69%\">\n<figure class=\"wp-block-image size-full\"><img loading=\"lazy\" decoding=\"async\" width=\"768\" height=\"883\" src=\"https:\/\/radiogalaxxy.go.yj.fr\/wp-content\/uploads\/2025\/02\/image-768x883-1.jpg\" alt=\"\" class=\"wp-image-136\" srcset=\"https:\/\/www.radiogalaxxy.fr\/wp-content\/uploads\/2025\/02\/image-768x883-1.jpg 768w, https:\/\/www.radiogalaxxy.fr\/wp-content\/uploads\/2025\/02\/image-768x883-1-261x300.jpg 261w\" sizes=\"auto, (max-width: 768px) 100vw, 768px\" \/><\/figure>\n<\/div>\n\n\n\n<div class=\"wp-block-column is-vertically-aligned-center is-layout-flow wp-block-column-is-layout-flow\" style=\"flex-basis:33%\">\n<div style=\"height:2vw\" aria-hidden=\"true\" class=\"wp-block-spacer\"><\/div>\n\n\n\n<p class=\"has-text-color\" style=\"color:#000000;font-size:17px\"><strong>Jean-Jacques B<\/strong><br>Directeur Artistique<br>Animateur radio, TV, producteur, r\u00e9alisateur.<\/p>\n<\/div>\n<\/div>\n<\/div>\n\n\n\n<blockquote class=\"wp-block-quote is-layout-flow wp-block-quote-is-layout-flow\">\n<p class=\"has-text-color\" style=\"color:#000000;font-size:17px\">NON JE NE REGRETTE RIEN par Jean-Jacques B<br>Par Jean-Jacques Berthieu \u00e9crit par Charles Dumont r\u00e9alis\u00e9 par Dennis Berry &#8211; Production : Sun Is Coming<\/p>\n\n\n\n<p><\/p>\n\n\n\n<p class=\"has-text-color\" style=\"color:#000000;font-size:17px\">RADIO GALAXXY est une radio communautaire \u00e9cout\u00e9e dans 62 pays. Tous les genres musicaux sont repr\u00e9sent\u00e9s ( pop, RnB, tropiques, reggae, afro, vari\u00e9t\u00e9s\u2026 )<\/p>\n<\/blockquote>\n<\/div><\/div>\n","protected":false},"excerpt":{"rendered":"<p>2023 Web Radio Anthony De JamesDirecteur AntenneAnimateur radio, producteur, r\u00e9alisateur, diffuseur. Radio Galaxxy ParisCette web radio travaille avec plusieurs partenaires de musiques et de presse.Ses&hellip;<\/p>\n","protected":false},"author":1,"featured_media":0,"parent":0,"menu_order":0,"comment_status":"closed","ping_status":"closed","template":"","meta":{"footnotes":""},"class_list":["post-93","page","type-page","status-publish","hentry"],"_links":{"self":[{"href":"https:\/\/www.radiogalaxxy.fr\/index.php?rest_route=\/wp\/v2\/pages\/93","targetHints":{"allow":["GET"]}}],"collection":[{"href":"https:\/\/www.radiogalaxxy.fr\/index.php?rest_route=\/wp\/v2\/pages"}],"about":[{"href":"https:\/\/www.radiogalaxxy.fr\/index.php?rest_route=\/wp\/v2\/types\/page"}],"author":[{"embeddable":true,"href":"https:\/\/www.radiogalaxxy.fr\/index.php?rest_route=\/wp\/v2\/users\/1"}],"replies":[{"embeddable":true,"href":"https:\/\/www.radiogalaxxy.fr\/index.php?rest_route=%2Fwp%2Fv2%2Fcomments&post=93"}],"version-history":[{"count":43,"href":"https:\/\/www.radiogalaxxy.fr\/index.php?rest_route=\/wp\/v2\/pages\/93\/revisions"}],"predecessor-version":[{"id":178,"href":"https:\/\/www.radiogalaxxy.fr\/index.php?rest_route=\/wp\/v2\/pages\/93\/revisions\/178"}],"wp:attachment":[{"href":"https:\/\/www.radiogalaxxy.fr\/index.php?rest_route=%2Fwp%2Fv2%2Fmedia&parent=93"}],"curies":[{"name":"wp","href":"https:\/\/api.w.org\/{rel}","templated":true}]}}