{"id":251,"date":"2025-03-26T00:48:55","date_gmt":"2025-03-25T22:48:55","guid":{"rendered":"https:\/\/radiogalaxxy.fr\/?page_id=251"},"modified":"2025-03-26T11:14:44","modified_gmt":"2025-03-26T09:14:44","slug":"evenements","status":"publish","type":"page","link":"https:\/\/www.radiogalaxxy.fr\/?page_id=251","title":{"rendered":"\u00c9v\u00e8nements"},"content":{"rendered":"\n<div class=\"wp-block-group alignfull has-background\" style=\"background-color:#f5eac1;padding-top:6vw;padding-right:6vw;padding-bottom:6vw;padding-left:6vw\"><div class=\"wp-block-group__inner-container is-layout-flow wp-block-group-is-layout-flow\">\n<div class=\"wp-block-group is-vertical is-nowrap is-layout-flex wp-container-core-group-is-layout-287ef9cb wp-block-group-is-layout-flex\" style=\"padding-right:0;padding-left:0\">\n<p class=\"has-text-color\" style=\"color:#000000;font-size:6vw;font-style:normal;font-weight:700;letter-spacing:0px;line-height:0.9;text-decoration:none;text-transform:none\">JAZZ \u00c0 LUT\u00c8CE<\/p>\n<\/div>\n\n\n\n<div style=\"height:1vw\" aria-hidden=\"true\" class=\"wp-block-spacer\"><\/div>\n\n\n\n<p class=\"has-text-color\" style=\"color:#000000;font-size:17px\"><em>En partenariat avec la Radio Galaxxy<\/em><\/p>\n\n\n\n<div class=\"wp-block-group alignwide is-vertical is-nowrap is-layout-flex wp-container-core-group-is-layout-8171334d wp-block-group-is-layout-flex\" style=\"padding-top:0;padding-right:0;padding-bottom:0;padding-left:0\">\n<div class=\"wp-block-columns alignwide is-layout-flex wp-container-core-columns-is-layout-2656d967 wp-block-columns-is-layout-flex\">\n<div class=\"wp-block-column is-layout-flow wp-block-column-is-layout-flow\" style=\"flex-basis:33.38%\">\n<p class=\"has-text-color\" style=\"color:#000000;font-size:17px\">30 juin 2023 Aux Ar\u00e8nes de Lut\u00e8ce Paris 5eme.<\/p>\n\n\n\n<p class=\"has-text-color\" style=\"color:#000000;font-size:17px\">Des artistes du live et le partage !<\/p>\n\n\n\n<p class=\"has-text-color\" style=\"color:#000000;font-size:17px\">Merci \u00e0 Paris Annim&#8217;, Actiste https:\/\/www.animactisce.org et la mairie du 5 \u00e8me arrondissement de Paris.<\/p>\n\n\n\n<p class=\"has-text-color\" style=\"color:#000000;font-size:17px\">Du jazz, rock, reggae, et de la pop music en live.<\/p>\n\n\n\n<p class=\"has-text-color\" style=\"color:#000000;font-size:17px\">Big love<\/p>\n<\/div>\n\n\n\n<div class=\"wp-block-column is-layout-flow wp-block-column-is-layout-flow\" style=\"flex-basis:33%\">\n<div class=\"wp-block-group is-nowrap is-layout-flex wp-container-core-group-is-layout-ad2f72ca wp-block-group-is-layout-flex\">\n<figure class=\"wp-block-image size-large\"><img loading=\"lazy\" decoding=\"async\" width=\"723\" height=\"1024\" src=\"https:\/\/radiogalaxxy.go.yj.fr\/wp-content\/uploads\/2025\/03\/image-768x1087-1-723x1024.jpg\" alt=\"\" class=\"wp-image-259\" srcset=\"https:\/\/www.radiogalaxxy.fr\/wp-content\/uploads\/2025\/03\/image-768x1087-1-723x1024.jpg 723w, https:\/\/www.radiogalaxxy.fr\/wp-content\/uploads\/2025\/03\/image-768x1087-1-212x300.jpg 212w, https:\/\/www.radiogalaxxy.fr\/wp-content\/uploads\/2025\/03\/image-768x1087-1.jpg 768w\" sizes=\"auto, (max-width: 723px) 100vw, 723px\" \/><\/figure>\n<\/div>\n\n\n\n<div style=\"height:2vw\" aria-hidden=\"true\" class=\"wp-block-spacer\"><\/div>\n<\/div>\n<\/div>\n\n\n\n<p class=\"has-text-color\" style=\"color:#000000;font-size:17px\"><strong>Samedi 10 juin, l\u2019association Emma\u00fcs Solidarit\u00e9 prend possession du Point Fort d&#8217;Aubervilliers et organise son premier Festival !<\/strong><\/p>\n\n\n\n<figure class=\"wp-block-image size-full is-resized\"><img loading=\"lazy\" decoding=\"async\" width=\"583\" height=\"826\" src=\"https:\/\/radiogalaxxy.go.yj.fr\/wp-content\/uploads\/2025\/03\/image.jpg\" alt=\"\" class=\"wp-image-271\" style=\"width:259px;height:auto\" srcset=\"https:\/\/www.radiogalaxxy.fr\/wp-content\/uploads\/2025\/03\/image.jpg 583w, https:\/\/www.radiogalaxxy.fr\/wp-content\/uploads\/2025\/03\/image-212x300.jpg 212w\" sizes=\"auto, (max-width: 583px) 100vw, 583px\" \/><\/figure>\n\n\n\n<div class=\"wp-block-group is-nowrap is-layout-flex wp-container-core-group-is-layout-ad2f72ca wp-block-group-is-layout-flex\">\n<p class=\"has-text-color\" style=\"color:#000000;font-size:17px\">Le festival Emma\u00fcs Solidarit\u00e9 est un \u00e9v\u00e9nement pens\u00e9 pour rassembler tous les acteurs de l&#8217;association (personnes accompagn\u00e9es, salari\u00e9s, b\u00e9n\u00e9voles, adh\u00e9rents, partenaires, membres du mouvement Emma\u00fcs). Ouvert au grand public, il vise aussi \u00e0 faire d\u00e9couvrir les actions de l\u2019association et partager, avec petits et grands, un moment de f\u00eate et de solidarit\u00e9.<\/p>\n<\/div>\n\n\n\n<div class=\"wp-block-columns alignwide is-layout-flex wp-container-core-columns-is-layout-724a882f wp-block-columns-is-layout-flex\">\n<div class=\"wp-block-column is-layout-flow wp-block-column-is-layout-flow\" style=\"flex-basis:69%\"><\/div>\n\n\n\n<div class=\"wp-block-column is-vertically-aligned-center is-layout-flow wp-block-column-is-layout-flow\" style=\"flex-basis:33%\">\n<div style=\"height:2vw\" aria-hidden=\"true\" class=\"wp-block-spacer\"><\/div>\n<\/div>\n<\/div>\n<\/div>\n\n\n\n<div class=\"wp-block-group alignwide is-vertical is-nowrap is-layout-flex wp-container-core-group-is-layout-8171334d wp-block-group-is-layout-flex\" style=\"padding-top:0;padding-right:0;padding-bottom:0;padding-left:0\">\n<div class=\"wp-block-columns alignwide is-layout-flex wp-container-core-columns-is-layout-2656d967 wp-block-columns-is-layout-flex\">\n<div class=\"wp-block-column is-layout-flow wp-block-column-is-layout-flow\" style=\"flex-basis:33.38%\">\n<p class=\"has-text-color\" style=\"color:#000000;font-size:17px\"><strong>C&#8217;est sur plus de 1 500m2 et<br>3 espaces diff\u00e9rents que le festival se d\u00e9roulera avec au programme :<\/strong><\/p>\n\n\n\n<p class=\"has-text-color\" style=\"color:#000000;font-size:17px\">Concerts :<br>La Yegros [Latin Electro Folk]<br>Lass [Afropop]<br>Zar Electrik [Electro Ra\u00ef]<br>Kanis [Rap Ha\u00eftien]<br>Tiombo [Maloya]<\/p>\n\n\n\n<p class=\"has-text-color\" style=\"color:#000000;font-size:17px\">Stand up :<br>Waly Dia<br>Camille Lorente<br>&amp; d&#8217;autres \u00e0 venir !<\/p>\n\n\n\n<p class=\"has-text-color\" style=\"color:#000000;font-size:17px\">Grande braderie avec Emma\u00fcs D\u00e9fi &amp; Emma\u00fcs Coup de Main, atelier D&amp;Y, maquillage &amp; paillettes, expo photo, street-art, spectacle enfants\u2026<\/p>\n<\/div>\n\n\n\n<div class=\"wp-block-column is-layout-flow wp-block-column-is-layout-flow\" style=\"flex-basis:33%\">\n<div class=\"wp-block-group is-nowrap is-layout-flex wp-container-core-group-is-layout-ad2f72ca wp-block-group-is-layout-flex\">\n<figure class=\"wp-block-image size-full\"><img loading=\"lazy\" decoding=\"async\" width=\"499\" height=\"657\" src=\"https:\/\/radiogalaxxy.go.yj.fr\/wp-content\/uploads\/2025\/03\/image.png\" alt=\"\" class=\"wp-image-286\" srcset=\"https:\/\/www.radiogalaxxy.fr\/wp-content\/uploads\/2025\/03\/image.png 499w, https:\/\/www.radiogalaxxy.fr\/wp-content\/uploads\/2025\/03\/image-228x300.png 228w\" sizes=\"auto, (max-width: 499px) 100vw, 499px\" \/><\/figure>\n<\/div>\n\n\n\n<div style=\"height:2vw\" aria-hidden=\"true\" class=\"wp-block-spacer\"><\/div>\n<\/div>\n<\/div>\n\n\n\n<div class=\"wp-block-group is-nowrap is-layout-flex wp-container-core-group-is-layout-ad2f72ca wp-block-group-is-layout-flex\">\n<figure class=\"wp-block-image size-full is-resized\"><img loading=\"lazy\" decoding=\"async\" width=\"768\" height=\"768\" src=\"https:\/\/radiogalaxxy.go.yj.fr\/wp-content\/uploads\/2025\/03\/image-768x768-1.jpg\" alt=\"\" class=\"wp-image-307\" style=\"width:275px;height:auto\" srcset=\"https:\/\/www.radiogalaxxy.fr\/wp-content\/uploads\/2025\/03\/image-768x768-1.jpg 768w, https:\/\/www.radiogalaxxy.fr\/wp-content\/uploads\/2025\/03\/image-768x768-1-300x300.jpg 300w, https:\/\/www.radiogalaxxy.fr\/wp-content\/uploads\/2025\/03\/image-768x768-1-150x150.jpg 150w, https:\/\/www.radiogalaxxy.fr\/wp-content\/uploads\/2025\/03\/image-768x768-1-650x650.jpg 650w\" sizes=\"auto, (max-width: 768px) 100vw, 768px\" \/><\/figure>\n\n\n\n<p class=\"has-text-align-center has-text-color\" style=\"color:#000000;font-size:17px\"><strong>Miss Waka Waka 2023<\/strong><\/p>\n<\/div>\n\n\n\n<p class=\"has-text-align-center has-text-color\" style=\"color:#000000;font-size:17px\"><em>Radio Galaxxy soutien de nombreux \u00e9v\u00e8nements locaux et internationaux<\/em><\/p>\n\n\n\n<div class=\"wp-block-group is-nowrap is-layout-flex wp-container-core-group-is-layout-ad2f72ca wp-block-group-is-layout-flex\">\n<p class=\"has-text-color\" style=\"color:#000000;font-size:17px\"><strong>Miss Waka Waka<\/strong><\/p>\n<\/div>\n\n\n\n<p class=\"has-text-color\" style=\"color:#000000;font-size:17px\">D\u00eener Gala V.I.P \u00e0 l&#8217;h\u00f4tel Carlton \u00e0 Antananarivo pour le 3eme et dernier casting de Miss Waka Waka Madagascar 2023.<br>Vendredi 09 Juin \u00e0 19h00.<br>Venez nombreux soutenir vos candidates&#8230;<\/p>\n\n\n\n<p class=\"has-text-color\" style=\"color:#000000;font-size:17px\"><strong>Finale<\/strong><\/p>\n\n\n\n<p class=\"has-text-color\" style=\"color:#000000;font-size:17px\">Ven.11 Ao\u00fbt 2023 \u00e0 Sambava<\/p>\n\n\n\n<p class=\"has-text-color\" style=\"color:#000000;font-size:17px\"><strong>La finaliste:<\/strong><\/p>\n\n\n\n<p class=\"has-text-color\" style=\"color:#000000;font-size:17px\">Une belle voiture<br>Une somme de 3.000.000 Ar<br>Un S\u00e9jour \u00e0 Dubai tout frais pay\u00e9<\/p>\n\n\n\n<h2 class=\"wp-block-heading\">\ud83d\ude09<\/h2>\n\n\n\n<div class=\"wp-block-group is-nowrap is-layout-flex wp-container-core-group-is-layout-ad2f72ca wp-block-group-is-layout-flex\">\n<figure class=\"wp-block-image size-full is-resized\"><img loading=\"lazy\" decoding=\"async\" width=\"526\" height=\"526\" src=\"https:\/\/radiogalaxxy.go.yj.fr\/wp-content\/uploads\/2025\/03\/image1.jpg\" alt=\"\" class=\"wp-image-334\" style=\"width:275px;height:auto\" srcset=\"https:\/\/www.radiogalaxxy.fr\/wp-content\/uploads\/2025\/03\/image1.jpg 526w, https:\/\/www.radiogalaxxy.fr\/wp-content\/uploads\/2025\/03\/image1-300x300.jpg 300w, https:\/\/www.radiogalaxxy.fr\/wp-content\/uploads\/2025\/03\/image1-150x150.jpg 150w\" sizes=\"auto, (max-width: 526px) 100vw, 526px\" \/><\/figure>\n\n\n\n<p class=\"has-text-align-center has-text-color\" style=\"color:#000000;font-size:17px\"><strong>Waka Waka Festival Madagascar 2023<\/strong><\/p>\n<\/div>\n\n\n\n<p class=\"has-text-color\" style=\"color:#000000;font-size:17px\">Apr\u00e8s une premi\u00e8re \u00e9dition bien r\u00e9ussie, La ville de Sambava est encore pr\u00eate pour accueillir la seconde \u00e9dition.<br>Merci au Maire et \u00e0 toute la Population de Sambava.<br>Waka Waka Festival Organis\u00e9 par<br>Commune Urbaine De Sambava &amp; Shelby Production &amp; Booking<\/p>\n\n\n\n<div class=\"wp-block-columns alignwide is-layout-flex wp-container-core-columns-is-layout-724a882f wp-block-columns-is-layout-flex\">\n<div class=\"wp-block-column is-layout-flow wp-block-column-is-layout-flow\" style=\"flex-basis:69%\"><\/div>\n\n\n\n<div class=\"wp-block-column is-vertically-aligned-center is-layout-flow wp-block-column-is-layout-flow\" style=\"flex-basis:33%\">\n<div style=\"height:2vw\" aria-hidden=\"true\" class=\"wp-block-spacer\"><\/div>\n<\/div>\n<\/div>\n<\/div>\n<\/div><\/div>\n","protected":false},"excerpt":{"rendered":"<p>JAZZ \u00c0 LUT\u00c8CE En partenariat avec la Radio Galaxxy 30 juin 2023 Aux Ar\u00e8nes de Lut\u00e8ce Paris 5eme. Des artistes du live et le partage&hellip;<\/p>\n","protected":false},"author":1,"featured_media":0,"parent":0,"menu_order":0,"comment_status":"closed","ping_status":"closed","template":"","meta":{"footnotes":""},"class_list":["post-251","page","type-page","status-publish","hentry"],"_links":{"self":[{"href":"https:\/\/www.radiogalaxxy.fr\/index.php?rest_route=\/wp\/v2\/pages\/251","targetHints":{"allow":["GET"]}}],"collection":[{"href":"https:\/\/www.radiogalaxxy.fr\/index.php?rest_route=\/wp\/v2\/pages"}],"about":[{"href":"https:\/\/www.radiogalaxxy.fr\/index.php?rest_route=\/wp\/v2\/types\/page"}],"author":[{"embeddable":true,"href":"https:\/\/www.radiogalaxxy.fr\/index.php?rest_route=\/wp\/v2\/users\/1"}],"replies":[{"embeddable":true,"href":"https:\/\/www.radiogalaxxy.fr\/index.php?rest_route=%2Fwp%2Fv2%2Fcomments&post=251"}],"version-history":[{"count":75,"href":"https:\/\/www.radiogalaxxy.fr\/index.php?rest_route=\/wp\/v2\/pages\/251\/revisions"}],"predecessor-version":[{"id":347,"href":"https:\/\/www.radiogalaxxy.fr\/index.php?rest_route=\/wp\/v2\/pages\/251\/revisions\/347"}],"wp:attachment":[{"href":"https:\/\/www.radiogalaxxy.fr\/index.php?rest_route=%2Fwp%2Fv2%2Fmedia&parent=251"}],"curies":[{"name":"wp","href":"https:\/\/api.w.org\/{rel}","templated":true}]}}